{"id":185,"date":"2023-04-14T14:01:45","date_gmt":"2023-04-14T12:01:45","guid":{"rendered":"http:\/\/newwp.cog.se\/?page_id=185"},"modified":"2026-04-27T11:22:10","modified_gmt":"2026-04-27T09:22:10","slug":"get-in-contact-cog-softproducts","status":"publish","type":"page","link":"https:\/\/cog.se\/?page_id=185","title":{"rendered":"Contact"},"content":{"rendered":"\t\t<div data-elementor-type=\"wp-page\" data-elementor-id=\"185\" class=\"elementor elementor-185\">\n\t\t\t\t\t\t<section class=\"elementor-section elementor-top-section elementor-element elementor-element-264ad15 elementor-section-full_width elementor-section-height-default elementor-section-height-default\" data-id=\"264ad15\" data-element_type=\"section\" data-e-type=\"section\" data-settings=\"{&quot;background_background&quot;:&quot;slideshow&quot;,&quot;background_slideshow_gallery&quot;:[{&quot;id&quot;:1266,&quot;url&quot;:&quot;https:\\\/\\\/cog.se\\\/wp-content\\\/uploads\\\/2026\\\/02\\\/Gold-Silver-Bronze-balls.png&quot;}],&quot;background_slideshow_loop&quot;:&quot;yes&quot;,&quot;background_slideshow_slide_duration&quot;:5000,&quot;background_slideshow_slide_transition&quot;:&quot;fade&quot;,&quot;background_slideshow_transition_duration&quot;:500}\">\n\t\t\t\t\t\t\t<div class=\"elementor-background-overlay\"><\/div>\n\t\t\t\t\t\t\t<div class=\"elementor-container elementor-column-gap-default\">\n\t\t\t\t\t<div class=\"elementor-column elementor-col-100 elementor-top-column elementor-element elementor-element-b4b562f\" data-id=\"b4b562f\" data-element_type=\"column\" data-e-type=\"column\">\n\t\t\t<div class=\"elementor-widget-wrap elementor-element-populated\">\n\t\t\t\t\t\t<div class=\"elementor-element elementor-element-8c35551 elementor-widget elementor-widget-text-editor\" data-id=\"8c35551\" data-element_type=\"widget\" data-e-type=\"widget\" data-widget_type=\"text-editor.default\">\n\t\t\t\t<div class=\"elementor-widget-container\">\n\t\t\t\t\t\t\t\t\t<p><strong>Get in contact<\/strong><\/p>\t\t\t\t\t\t\t\t<\/div>\n\t\t\t\t<\/div>\n\t\t\t\t<div class=\"elementor-element elementor-element-04bf2ac elementor-widget elementor-widget-text-editor\" data-id=\"04bf2ac\" data-element_type=\"widget\" data-e-type=\"widget\" data-widget_type=\"text-editor.default\">\n\t\t\t\t<div class=\"elementor-widget-container\">\n\t\t\t\t\t\t\t\t\t<p>Want a quotation or have a question? We\u2019re here for you.<\/p>\t\t\t\t\t\t\t\t<\/div>\n\t\t\t\t<\/div>\n\t\t\t\t\t<\/div>\n\t\t<\/div>\n\t\t\t\t\t<\/div>\n\t\t<\/section>\n\t\t\t\t<section class=\"elementor-section elementor-top-section elementor-element elementor-element-6498877 elementor-section-boxed elementor-section-height-default elementor-section-height-default\" data-id=\"6498877\" data-element_type=\"section\" data-e-type=\"section\">\n\t\t\t\t\t\t<div class=\"elementor-container elementor-column-gap-default\">\n\t\t\t\t\t<div class=\"elementor-column elementor-col-100 elementor-top-column elementor-element elementor-element-96217a9\" data-id=\"96217a9\" data-element_type=\"column\" data-e-type=\"column\">\n\t\t\t<div class=\"elementor-widget-wrap elementor-element-populated\">\n\t\t\t\t\t\t<div class=\"elementor-element elementor-element-78aa733 elementor-widget elementor-widget-spacer\" data-id=\"78aa733\" data-element_type=\"widget\" data-e-type=\"widget\" data-widget_type=\"spacer.default\">\n\t\t\t\t<div class=\"elementor-widget-container\">\n\t\t\t\t\t\t\t<div class=\"elementor-spacer\">\n\t\t\t<div class=\"elementor-spacer-inner\"><\/div>\n\t\t<\/div>\n\t\t\t\t\t\t<\/div>\n\t\t\t\t<\/div>\n\t\t\t\t<div class=\"elementor-element elementor-element-9ad7422 elementor-widget elementor-widget-text-editor\" data-id=\"9ad7422\" data-element_type=\"widget\" data-e-type=\"widget\" data-widget_type=\"text-editor.default\">\n\t\t\t\t<div class=\"elementor-widget-container\">\n\t\t\t\t\t\t\t\t\t<p>Fill out the form and we\u2019ll get back to you as soon as possible.<\/p>\t\t\t\t\t\t\t\t<\/div>\n\t\t\t\t<\/div>\n\t\t\t\t<div class=\"elementor-element elementor-element-10e4ba8 elementor-widget elementor-widget-wpforms\" data-id=\"10e4ba8\" data-element_type=\"widget\" data-e-type=\"widget\" data-widget_type=\"wpforms.default\">\n\t\t\t\t<div class=\"elementor-widget-container\">\n\t\t\t\t\t<div class=\"wpforms-container wpforms-container-full wpforms-render-modern\" id=\"wpforms-4165\"><form id=\"wpforms-form-4165\" class=\"wpforms-validate wpforms-form wpforms-ajax-form\" data-formid=\"4165\" method=\"post\" enctype=\"multipart\/form-data\" action=\"\/index.php?rest_route=%2Fwp%2Fv2%2Fpages%2F185\" data-token=\"918fa9c6b6b3c68dce90010dad729ac8\" data-token-time=\"1777382723\"><noscript class=\"wpforms-error-noscript\">Please enable JavaScript in your browser to complete this form.<\/noscript><div id=\"wpforms-error-noscript\" style=\"display: none;\">Please enable JavaScript in your browser to complete this form.<\/div><div class=\"wpforms-field-container\"><div id=\"wpforms-4165-field_5-container\" class=\"wpforms-field wpforms-field-name\" data-field-id=\"5\"><label class=\"wpforms-field-label\" for=\"wpforms-4165-field_5\">Name <span class=\"wpforms-required-label\" aria-hidden=\"true\">*<\/span><\/label><input type=\"text\" id=\"wpforms-4165-field_5\" class=\"wpforms-field-medium wpforms-field-required\" name=\"wpforms[fields][5]\" aria-errormessage=\"wpforms-4165-field_5-error\" required><\/div><div id=\"wpforms-4165-field_1-container\" class=\"wpforms-field wpforms-field-name\" data-field-id=\"1\"><label class=\"wpforms-field-label\" for=\"wpforms-4165-field_1\">Company <span class=\"wpforms-required-label\" aria-hidden=\"true\">*<\/span><\/label><input type=\"text\" id=\"wpforms-4165-field_1\" class=\"wpforms-field-medium wpforms-field-required\" name=\"wpforms[fields][1]\" aria-errormessage=\"wpforms-4165-field_1-error\" required><\/div><div id=\"wpforms-4165-field_2-container\" class=\"wpforms-field wpforms-field-email\" data-field-id=\"2\"><label class=\"wpforms-field-label\" for=\"wpforms-4165-field_2\">Email <span class=\"wpforms-required-label\" aria-hidden=\"true\">*<\/span><\/label><input type=\"email\" id=\"wpforms-4165-field_2\" class=\"wpforms-field-medium wpforms-field-required\" name=\"wpforms[fields][2]\" spellcheck=\"false\" aria-errormessage=\"wpforms-4165-field_2-error\" required><\/div>\t\t<div id=\"wpforms-4165-field_4-container\"\n\t\t\tclass=\"wpforms-field wpforms-field-text\"\n\t\t\tdata-field-type=\"text\"\n\t\t\tdata-field-id=\"4\"\n\t\t\t>\n\t\t\t<label class=\"wpforms-field-label\" for=\"wpforms-4165-field_4\" >Company Your Name<\/label>\n\t\t\t<input type=\"text\" id=\"wpforms-4165-field_4\" class=\"wpforms-field-medium\" name=\"wpforms[fields][4]\" >\n\t\t<\/div>\n\t\t<div id=\"wpforms-4165-field_3-container\" class=\"wpforms-field wpforms-field-textarea\" data-field-id=\"3\"><label class=\"wpforms-field-label\" for=\"wpforms-4165-field_3\">Your message<\/label><textarea id=\"wpforms-4165-field_3\" class=\"wpforms-field-medium\" name=\"wpforms[fields][3]\" aria-errormessage=\"wpforms-4165-field_3-error\" ><\/textarea><\/div><script>\n\t\t\t\t( function() {\n\t\t\t\t\tconst style = document.createElement( 'style' );\n\t\t\t\t\tstyle.appendChild( document.createTextNode( '#wpforms-4165-field_4-container { position: absolute !important; overflow: hidden !important; display: inline !important; height: 1px !important; width: 1px !important; z-index: -1000 !important; padding: 0 !important; } #wpforms-4165-field_4-container input { visibility: hidden; } #wpforms-conversational-form-page #wpforms-4165-field_4-container label { counter-increment: none; }' ) );\n\t\t\t\t\tdocument.head.appendChild( style );\n\t\t\t\t\tdocument.currentScript?.remove();\n\t\t\t\t} )();\n\t\t\t<\/script><\/div><!-- .wpforms-field-container --><div class=\"wpforms-submit-container\" ><input type=\"hidden\" name=\"wpforms[id]\" value=\"4165\"><input type=\"hidden\" name=\"page_title\" value=\"\"><input type=\"hidden\" name=\"page_url\" value=\"https:\/\/cog.se\/index.php?rest_route=\/wp\/v2\/pages\/185\"><input type=\"hidden\" name=\"url_referer\" value=\"\"><button type=\"submit\" name=\"wpforms[submit]\" id=\"wpforms-submit-4165\" class=\"wpforms-submit\" data-alt-text=\"Sending ... \" data-submit-text=\"Send\" aria-live=\"assertive\" value=\"wpforms-submit\">Send<\/button><img decoding=\"async\" src=\"https:\/\/cog.se\/wp-content\/plugins\/wpforms-lite\/assets\/images\/submit-spin.svg\" class=\"wpforms-submit-spinner\" style=\"display: none;\" width=\"26\" height=\"26\" alt=\"Loading\"><\/div><\/form><\/div>  <!-- .wpforms-container -->\t\t\t\t<\/div>\n\t\t\t\t<\/div>\n\t\t\t\t\t<\/div>\n\t\t<\/div>\n\t\t\t\t\t<\/div>\n\t\t<\/section>\n\t\t\t\t<\/div>\n\t\t","protected":false},"excerpt":{"rendered":"<p>Get in contact Want a quotation or have a question? We\u2019re here for you. Fill out the form and we\u2019ll get back to you as soon as possible. Aktivera JavaScript i din webbl\u00e4sare f\u00f6r att fylla i formul\u00e4ret.Aktivera JavaScript i din webbl\u00e4sare f\u00f6r att fylla i formul\u00e4ret.Name *Company *Email *Your message Send<\/p>\n","protected":false},"author":1,"featured_media":0,"parent":0,"menu_order":0,"comment_status":"closed","ping_status":"closed","template":"","meta":{"footnotes":""},"class_list":["post-185","page","type-page","status-publish","hentry"],"yoast_head":"<!-- This site is optimized with the Yoast SEO plugin v27.4 - https:\/\/yoast.com\/product\/yoast-seo-wordpress\/ -->\n<title>Contact - COG Soft Products AB<\/title>\n<meta name=\"description\" content=\"Want a quotation or have a question? We\u2019re at Cog Soft products are here for you. Contact us on cog@cog.se and we will get back to you.\" \/>\n<meta name=\"robots\" content=\"index, follow, max-snippet:-1, max-image-preview:large, max-video-preview:-1\" \/>\n<link rel=\"canonical\" href=\"https:\/\/cog.se\/?page_id=185\" \/>\n<meta property=\"og:locale\" content=\"en_US\" \/>\n<meta property=\"og:type\" content=\"article\" \/>\n<meta property=\"og:title\" content=\"Contact - COG Soft Products AB\" \/>\n<meta property=\"og:description\" content=\"Want a quotation or have a question? We\u2019re at Cog Soft products are here for you. Contact us on cog@cog.se and we will get back to you.\" \/>\n<meta property=\"og:url\" content=\"https:\/\/cog.se\/?page_id=185\" \/>\n<meta property=\"og:site_name\" content=\"COG Soft Products AB\" \/>\n<meta property=\"article:modified_time\" content=\"2026-04-27T09:22:10+00:00\" \/>\n<meta property=\"og:image\" content=\"https:\/\/cog.se\/wp-content\/plugins\/wpforms-lite\/assets\/images\/submit-spin.svg\" \/>\n<meta name=\"twitter:card\" content=\"summary_large_image\" \/>\n<meta name=\"twitter:label1\" content=\"Est. reading time\" \/>\n\t<meta name=\"twitter:data1\" content=\"1 minute\" \/>\n<script type=\"application\/ld+json\" class=\"yoast-schema-graph\">{\"@context\":\"https:\\\/\\\/schema.org\",\"@graph\":[{\"@type\":\"WebPage\",\"@id\":\"https:\\\/\\\/cog.se\\\/?page_id=185\",\"url\":\"https:\\\/\\\/cog.se\\\/?page_id=185\",\"name\":\"Contact - COG Soft Products AB\",\"isPartOf\":{\"@id\":\"https:\\\/\\\/cog.se\\\/#website\"},\"primaryImageOfPage\":{\"@id\":\"https:\\\/\\\/cog.se\\\/?page_id=185#primaryimage\"},\"image\":{\"@id\":\"https:\\\/\\\/cog.se\\\/?page_id=185#primaryimage\"},\"thumbnailUrl\":\"https:\\\/\\\/cog.se\\\/wp-content\\\/plugins\\\/wpforms-lite\\\/assets\\\/images\\\/submit-spin.svg\",\"datePublished\":\"2023-04-14T12:01:45+00:00\",\"dateModified\":\"2026-04-27T09:22:10+00:00\",\"description\":\"Want a quotation or have a question? We\u2019re at Cog Soft products are here for you. Contact us on cog@cog.se and we will get back to you.\",\"breadcrumb\":{\"@id\":\"https:\\\/\\\/cog.se\\\/?page_id=185#breadcrumb\"},\"inLanguage\":\"en-US\",\"potentialAction\":[{\"@type\":\"ReadAction\",\"target\":[\"https:\\\/\\\/cog.se\\\/?page_id=185\"]}]},{\"@type\":\"ImageObject\",\"inLanguage\":\"en-US\",\"@id\":\"https:\\\/\\\/cog.se\\\/?page_id=185#primaryimage\",\"url\":\"https:\\\/\\\/cog.se\\\/wp-content\\\/plugins\\\/wpforms-lite\\\/assets\\\/images\\\/submit-spin.svg\",\"contentUrl\":\"https:\\\/\\\/cog.se\\\/wp-content\\\/plugins\\\/wpforms-lite\\\/assets\\\/images\\\/submit-spin.svg\"},{\"@type\":\"BreadcrumbList\",\"@id\":\"https:\\\/\\\/cog.se\\\/?page_id=185#breadcrumb\",\"itemListElement\":[{\"@type\":\"ListItem\",\"position\":1,\"name\":\"Home\",\"item\":\"https:\\\/\\\/cog.se\\\/\"},{\"@type\":\"ListItem\",\"position\":2,\"name\":\"Contact\"}]},{\"@type\":\"WebSite\",\"@id\":\"https:\\\/\\\/cog.se\\\/#website\",\"url\":\"https:\\\/\\\/cog.se\\\/\",\"name\":\"COG Soft Products AB\",\"description\":\"Widest selection of foam balls in the world\",\"publisher\":{\"@id\":\"https:\\\/\\\/cog.se\\\/#organization\"},\"potentialAction\":[{\"@type\":\"SearchAction\",\"target\":{\"@type\":\"EntryPoint\",\"urlTemplate\":\"https:\\\/\\\/cog.se\\\/?s={search_term_string}\"},\"query-input\":{\"@type\":\"PropertyValueSpecification\",\"valueRequired\":true,\"valueName\":\"search_term_string\"}}],\"inLanguage\":\"en-US\"},{\"@type\":\"Organization\",\"@id\":\"https:\\\/\\\/cog.se\\\/#organization\",\"name\":\"COG Soft Products AB\",\"url\":\"https:\\\/\\\/cog.se\\\/\",\"logo\":{\"@type\":\"ImageObject\",\"inLanguage\":\"en-US\",\"@id\":\"https:\\\/\\\/cog.se\\\/#\\\/schema\\\/logo\\\/image\\\/\",\"url\":\"https:\\\/\\\/cog.se\\\/wp-content\\\/uploads\\\/2023\\\/04\\\/cropped-COG-logo-e1680620706367.png\",\"contentUrl\":\"https:\\\/\\\/cog.se\\\/wp-content\\\/uploads\\\/2023\\\/04\\\/cropped-COG-logo-e1680620706367.png\",\"width\":400,\"height\":161,\"caption\":\"COG Soft Products AB\"},\"image\":{\"@id\":\"https:\\\/\\\/cog.se\\\/#\\\/schema\\\/logo\\\/image\\\/\"}}]}<\/script>\n<!-- \/ Yoast SEO plugin. -->","yoast_head_json":{"title":"Contact - COG Soft Products AB","description":"Want a quotation or have a question? We\u2019re at Cog Soft products are here for you. Contact us on cog@cog.se and we will get back to you.","robots":{"index":"index","follow":"follow","max-snippet":"max-snippet:-1","max-image-preview":"max-image-preview:large","max-video-preview":"max-video-preview:-1"},"canonical":"https:\/\/cog.se\/?page_id=185","og_locale":"en_US","og_type":"article","og_title":"Contact - COG Soft Products AB","og_description":"Want a quotation or have a question? We\u2019re at Cog Soft products are here for you. Contact us on cog@cog.se and we will get back to you.","og_url":"https:\/\/cog.se\/?page_id=185","og_site_name":"COG Soft Products AB","article_modified_time":"2026-04-27T09:22:10+00:00","og_image":[{"url":"https:\/\/cog.se\/wp-content\/plugins\/wpforms-lite\/assets\/images\/submit-spin.svg","type":"","width":"","height":""}],"twitter_card":"summary_large_image","twitter_misc":{"Est. reading time":"1 minute"},"schema":{"@context":"https:\/\/schema.org","@graph":[{"@type":"WebPage","@id":"https:\/\/cog.se\/?page_id=185","url":"https:\/\/cog.se\/?page_id=185","name":"Contact - COG Soft Products AB","isPartOf":{"@id":"https:\/\/cog.se\/#website"},"primaryImageOfPage":{"@id":"https:\/\/cog.se\/?page_id=185#primaryimage"},"image":{"@id":"https:\/\/cog.se\/?page_id=185#primaryimage"},"thumbnailUrl":"https:\/\/cog.se\/wp-content\/plugins\/wpforms-lite\/assets\/images\/submit-spin.svg","datePublished":"2023-04-14T12:01:45+00:00","dateModified":"2026-04-27T09:22:10+00:00","description":"Want a quotation or have a question? We\u2019re at Cog Soft products are here for you. Contact us on cog@cog.se and we will get back to you.","breadcrumb":{"@id":"https:\/\/cog.se\/?page_id=185#breadcrumb"},"inLanguage":"en-US","potentialAction":[{"@type":"ReadAction","target":["https:\/\/cog.se\/?page_id=185"]}]},{"@type":"ImageObject","inLanguage":"en-US","@id":"https:\/\/cog.se\/?page_id=185#primaryimage","url":"https:\/\/cog.se\/wp-content\/plugins\/wpforms-lite\/assets\/images\/submit-spin.svg","contentUrl":"https:\/\/cog.se\/wp-content\/plugins\/wpforms-lite\/assets\/images\/submit-spin.svg"},{"@type":"BreadcrumbList","@id":"https:\/\/cog.se\/?page_id=185#breadcrumb","itemListElement":[{"@type":"ListItem","position":1,"name":"Home","item":"https:\/\/cog.se\/"},{"@type":"ListItem","position":2,"name":"Contact"}]},{"@type":"WebSite","@id":"https:\/\/cog.se\/#website","url":"https:\/\/cog.se\/","name":"COG Soft Products AB","description":"Widest selection of foam balls in the world","publisher":{"@id":"https:\/\/cog.se\/#organization"},"potentialAction":[{"@type":"SearchAction","target":{"@type":"EntryPoint","urlTemplate":"https:\/\/cog.se\/?s={search_term_string}"},"query-input":{"@type":"PropertyValueSpecification","valueRequired":true,"valueName":"search_term_string"}}],"inLanguage":"en-US"},{"@type":"Organization","@id":"https:\/\/cog.se\/#organization","name":"COG Soft Products AB","url":"https:\/\/cog.se\/","logo":{"@type":"ImageObject","inLanguage":"en-US","@id":"https:\/\/cog.se\/#\/schema\/logo\/image\/","url":"https:\/\/cog.se\/wp-content\/uploads\/2023\/04\/cropped-COG-logo-e1680620706367.png","contentUrl":"https:\/\/cog.se\/wp-content\/uploads\/2023\/04\/cropped-COG-logo-e1680620706367.png","width":400,"height":161,"caption":"COG Soft Products AB"},"image":{"@id":"https:\/\/cog.se\/#\/schema\/logo\/image\/"}}]}},"_links":{"self":[{"href":"https:\/\/cog.se\/index.php?rest_route=\/wp\/v2\/pages\/185","targetHints":{"allow":["GET"]}}],"collection":[{"href":"https:\/\/cog.se\/index.php?rest_route=\/wp\/v2\/pages"}],"about":[{"href":"https:\/\/cog.se\/index.php?rest_route=\/wp\/v2\/types\/page"}],"author":[{"embeddable":true,"href":"https:\/\/cog.se\/index.php?rest_route=\/wp\/v2\/users\/1"}],"replies":[{"embeddable":true,"href":"https:\/\/cog.se\/index.php?rest_route=%2Fwp%2Fv2%2Fcomments&post=185"}],"version-history":[{"count":5,"href":"https:\/\/cog.se\/index.php?rest_route=\/wp\/v2\/pages\/185\/revisions"}],"predecessor-version":[{"id":6822,"href":"https:\/\/cog.se\/index.php?rest_route=\/wp\/v2\/pages\/185\/revisions\/6822"}],"wp:attachment":[{"href":"https:\/\/cog.se\/index.php?rest_route=%2Fwp%2Fv2%2Fmedia&parent=185"}],"curies":[{"name":"wp","href":"https:\/\/api.w.org\/{rel}","templated":true}]}}